{"id":2090,"date":"2023-02-02T16:25:45","date_gmt":"2023-02-02T15:25:45","guid":{"rendered":"https:\/\/hoenderdaell.nl\/over-het-dierenpark\/"},"modified":"2023-03-17T11:37:37","modified_gmt":"2023-03-17T10:37:37","slug":"ueber-den-tierpark","status":"publish","type":"page","link":"https:\/\/hoenderdaell.nl\/de\/ueber-den-tierpark\/","title":{"rendered":"\u00dcber den Tierpark"},"content":{"rendered":"<p><strong>Hoenderdaell Zoo<\/strong>: ein verstecktes und faszinierendes Tierreich inmitten des ehemaligen Wattengebiets. Hier finden Sie den zweitgr\u00f6\u00dften Tierpark der Niederlande. In diesem besonderen Naturreservat im Anna Paulownapolder k\u00f6nnen Sie frei zwischen den schelmischen Ringelschwanzlemuren spazieren gehen, unsere neugierigen Totenkopf\u00e4ffchen kommen auch zu Ihnen und f\u00fcttern Sie mit den Kindern die bunten, schnatternden Loris mit einer leckeren Schale mit speziellem Lorifutter.<\/p>\n","protected":false},"excerpt":{"rendered":"<p>Hoenderdaell Zoo: ein verstecktes und faszinierendes Tierreich inmitten des ehemaligen Wattengebiets. Hier finden Sie den zweitgr\u00f6\u00dften Tierpark der Niederlande. In diesem besonderen Naturreservat im Anna Paulownapolder k\u00f6nnen Sie frei zwischen den schelmischen Ringelschwanzlemuren spazieren gehen, unsere neugierigen Totenkopf\u00e4ffchen kommen auch zu Ihnen und f\u00fcttern Sie mit den Kindern die bunten, schnatternden Loris mit einer leckeren [&hellip;]<\/p>\n","protected":false},"author":2,"featured_media":1270,"parent":0,"menu_order":3,"comment_status":"closed","ping_status":"closed","template":"","meta":{"_acf_changed":false,"footnotes":""},"class_list":["post-2090","page","type-page","status-publish","has-post-thumbnail","hentry"],"acf":[],"yoast_head":"<!-- This site is optimized with the Yoast SEO plugin v26.9 - https:\/\/yoast.com\/product\/yoast-seo-wordpress\/ -->\n<title>\u00dcber den Tierpark &#183; Dierenpark Hoenderdaell<\/title>\n<meta name=\"description\" content=\"Dierenpark Hoenderdaell: het op \u00e9\u00e9n na grootste dierenpark van Nederland. Lees hier alles over ons verborgen en fascinerend dierenrijk.\" \/>\n<meta name=\"robots\" content=\"index, follow, max-snippet:-1, max-image-preview:large, max-video-preview:-1\" \/>\n<link rel=\"canonical\" href=\"https:\/\/hoenderdaell.nl\/de\/ueber-den-tierpark\/\" \/>\n<meta property=\"og:locale\" content=\"de_DE\" \/>\n<meta property=\"og:type\" content=\"article\" \/>\n<meta property=\"og:title\" content=\"Kom naar het op \u00e9\u00e9n na grootste dierenpark van Nederland\" \/>\n<meta property=\"og:description\" content=\"Lees hier alles over ons verborgen en fascinerende dierenrijk.\" \/>\n<meta property=\"og:url\" content=\"https:\/\/hoenderdaell.nl\/de\/ueber-den-tierpark\/\" \/>\n<meta property=\"og:site_name\" content=\"Dierenpark Hoenderdaell\" \/>\n<meta property=\"article:publisher\" content=\"https:\/\/www.facebook.com\/landgoedhoenderdaell\/\" \/>\n<meta property=\"article:modified_time\" content=\"2023-03-17T10:37:37+00:00\" \/>\n<meta property=\"og:image\" content=\"https:\/\/hoenderdaell.nl\/wp-content\/uploads\/2022\/09\/avitorium_hoenderdaell_lq.jpeg\" \/>\n\t<meta property=\"og:image:width\" content=\"1500\" \/>\n\t<meta property=\"og:image:height\" content=\"1125\" \/>\n\t<meta property=\"og:image:type\" content=\"image\/jpeg\" \/>\n<meta name=\"twitter:card\" content=\"summary_large_image\" \/>\n<meta name=\"twitter:title\" content=\"Kom naar het op \u00e9\u00e9n na grootste dierenpark van Nederland\" \/>\n<meta name=\"twitter:description\" content=\"Lees hier alles over ons verborgen en fascinerende dierenrijk.\" \/>\n<meta name=\"twitter:image\" content=\"https:\/\/hoenderdaell.nl\/wp-content\/uploads\/2022\/10\/luchtfoto-Avitorium.jpg\" \/>\n<meta name=\"twitter:label1\" content=\"Gesch\u00e4tzte Lesezeit\" \/>\n\t<meta name=\"twitter:data1\" content=\"1\u00a0Minute\" \/>\n<script type=\"application\/ld+json\" class=\"yoast-schema-graph\">{\"@context\":\"https:\/\/schema.org\",\"@graph\":[{\"@type\":\"WebPage\",\"@id\":\"https:\/\/hoenderdaell.nl\/de\/ueber-den-tierpark\/\",\"url\":\"https:\/\/hoenderdaell.nl\/de\/ueber-den-tierpark\/\",\"name\":\"\u00dcber den Tierpark &#183; Dierenpark Hoenderdaell\",\"isPartOf\":{\"@id\":\"https:\/\/hoenderdaell.nl\/de\/#website\"},\"primaryImageOfPage\":{\"@id\":\"https:\/\/hoenderdaell.nl\/de\/ueber-den-tierpark\/#primaryimage\"},\"image\":{\"@id\":\"https:\/\/hoenderdaell.nl\/de\/ueber-den-tierpark\/#primaryimage\"},\"thumbnailUrl\":\"https:\/\/hoenderdaell.nl\/wp-content\/uploads\/2022\/10\/Wandelpaden-apeneiland_1.jpg\",\"datePublished\":\"2023-02-02T15:25:45+00:00\",\"dateModified\":\"2023-03-17T10:37:37+00:00\",\"description\":\"Dierenpark Hoenderdaell: het op \u00e9\u00e9n na grootste dierenpark van Nederland. Lees hier alles over ons verborgen en fascinerend dierenrijk.\",\"breadcrumb\":{\"@id\":\"https:\/\/hoenderdaell.nl\/de\/ueber-den-tierpark\/#breadcrumb\"},\"inLanguage\":\"de\",\"potentialAction\":[{\"@type\":\"ReadAction\",\"target\":[\"https:\/\/hoenderdaell.nl\/de\/ueber-den-tierpark\/\"]}]},{\"@type\":\"ImageObject\",\"inLanguage\":\"de\",\"@id\":\"https:\/\/hoenderdaell.nl\/de\/ueber-den-tierpark\/#primaryimage\",\"url\":\"https:\/\/hoenderdaell.nl\/wp-content\/uploads\/2022\/10\/Wandelpaden-apeneiland_1.jpg\",\"contentUrl\":\"https:\/\/hoenderdaell.nl\/wp-content\/uploads\/2022\/10\/Wandelpaden-apeneiland_1.jpg\",\"width\":1920,\"height\":1280},{\"@type\":\"BreadcrumbList\",\"@id\":\"https:\/\/hoenderdaell.nl\/de\/ueber-den-tierpark\/#breadcrumb\",\"itemListElement\":[{\"@type\":\"ListItem\",\"position\":1,\"name\":\"Home\",\"item\":\"https:\/\/hoenderdaell.nl\/de\/\"},{\"@type\":\"ListItem\",\"position\":2,\"name\":\"\u00dcber den Tierpark\"}]},{\"@type\":\"WebSite\",\"@id\":\"https:\/\/hoenderdaell.nl\/de\/#website\",\"url\":\"https:\/\/hoenderdaell.nl\/de\/\",\"name\":\"Dierenpark Hoenderdaell\",\"description\":\"Dierenpark Hoenderdaell ligt op een landgoed dat tussen Anna Paulowna en Van Ewijcksluis in Noord-Holland ligt.\",\"publisher\":{\"@id\":\"https:\/\/hoenderdaell.nl\/de\/#organization\"},\"alternateName\":\"Hoenderdaell\",\"potentialAction\":[{\"@type\":\"SearchAction\",\"target\":{\"@type\":\"EntryPoint\",\"urlTemplate\":\"https:\/\/hoenderdaell.nl\/de\/?s={search_term_string}\"},\"query-input\":{\"@type\":\"PropertyValueSpecification\",\"valueRequired\":true,\"valueName\":\"search_term_string\"}}],\"inLanguage\":\"de\"},{\"@type\":\"Organization\",\"@id\":\"https:\/\/hoenderdaell.nl\/de\/#organization\",\"name\":\"Dierenpark Hoenderdaell\",\"alternateName\":\"Hoenderdaell\",\"url\":\"https:\/\/hoenderdaell.nl\/de\/\",\"logo\":{\"@type\":\"ImageObject\",\"inLanguage\":\"de\",\"@id\":\"https:\/\/hoenderdaell.nl\/de\/#\/schema\/logo\/image\/\",\"url\":\"https:\/\/hoenderdaell.nl\/wp-content\/uploads\/2022\/10\/h_favicon@2x.png\",\"contentUrl\":\"https:\/\/hoenderdaell.nl\/wp-content\/uploads\/2022\/10\/h_favicon@2x.png\",\"width\":600,\"height\":600,\"caption\":\"Dierenpark Hoenderdaell\"},\"image\":{\"@id\":\"https:\/\/hoenderdaell.nl\/de\/#\/schema\/logo\/image\/\"},\"sameAs\":[\"https:\/\/www.facebook.com\/landgoedhoenderdaell\/\",\"https:\/\/www.instagram.com\/landgoedhoenderdaell\/\",\"https:\/\/www.youtube.com\/channel\/UCQQqkbss-vo2RcieVS0lM2A\"]}]}<\/script>\n<!-- \/ Yoast SEO plugin. -->","yoast_head_json":{"title":"\u00dcber den Tierpark &#183; Dierenpark Hoenderdaell","description":"Dierenpark Hoenderdaell: het op \u00e9\u00e9n na grootste dierenpark van Nederland. Lees hier alles over ons verborgen en fascinerend dierenrijk.","robots":{"index":"index","follow":"follow","max-snippet":"max-snippet:-1","max-image-preview":"max-image-preview:large","max-video-preview":"max-video-preview:-1"},"canonical":"https:\/\/hoenderdaell.nl\/de\/ueber-den-tierpark\/","og_locale":"de_DE","og_type":"article","og_title":"Kom naar het op \u00e9\u00e9n na grootste dierenpark van Nederland","og_description":"Lees hier alles over ons verborgen en fascinerende dierenrijk.","og_url":"https:\/\/hoenderdaell.nl\/de\/ueber-den-tierpark\/","og_site_name":"Dierenpark Hoenderdaell","article_publisher":"https:\/\/www.facebook.com\/landgoedhoenderdaell\/","article_modified_time":"2023-03-17T10:37:37+00:00","og_image":[{"width":1500,"height":1125,"url":"https:\/\/hoenderdaell.nl\/wp-content\/uploads\/2022\/09\/avitorium_hoenderdaell_lq.jpeg","type":"image\/jpeg"}],"twitter_card":"summary_large_image","twitter_title":"Kom naar het op \u00e9\u00e9n na grootste dierenpark van Nederland","twitter_description":"Lees hier alles over ons verborgen en fascinerende dierenrijk.","twitter_image":"https:\/\/hoenderdaell.nl\/wp-content\/uploads\/2022\/10\/luchtfoto-Avitorium.jpg","twitter_misc":{"Gesch\u00e4tzte Lesezeit":"1\u00a0Minute"},"schema":{"@context":"https:\/\/schema.org","@graph":[{"@type":"WebPage","@id":"https:\/\/hoenderdaell.nl\/de\/ueber-den-tierpark\/","url":"https:\/\/hoenderdaell.nl\/de\/ueber-den-tierpark\/","name":"\u00dcber den Tierpark &#183; Dierenpark Hoenderdaell","isPartOf":{"@id":"https:\/\/hoenderdaell.nl\/de\/#website"},"primaryImageOfPage":{"@id":"https:\/\/hoenderdaell.nl\/de\/ueber-den-tierpark\/#primaryimage"},"image":{"@id":"https:\/\/hoenderdaell.nl\/de\/ueber-den-tierpark\/#primaryimage"},"thumbnailUrl":"https:\/\/hoenderdaell.nl\/wp-content\/uploads\/2022\/10\/Wandelpaden-apeneiland_1.jpg","datePublished":"2023-02-02T15:25:45+00:00","dateModified":"2023-03-17T10:37:37+00:00","description":"Dierenpark Hoenderdaell: het op \u00e9\u00e9n na grootste dierenpark van Nederland. Lees hier alles over ons verborgen en fascinerend dierenrijk.","breadcrumb":{"@id":"https:\/\/hoenderdaell.nl\/de\/ueber-den-tierpark\/#breadcrumb"},"inLanguage":"de","potentialAction":[{"@type":"ReadAction","target":["https:\/\/hoenderdaell.nl\/de\/ueber-den-tierpark\/"]}]},{"@type":"ImageObject","inLanguage":"de","@id":"https:\/\/hoenderdaell.nl\/de\/ueber-den-tierpark\/#primaryimage","url":"https:\/\/hoenderdaell.nl\/wp-content\/uploads\/2022\/10\/Wandelpaden-apeneiland_1.jpg","contentUrl":"https:\/\/hoenderdaell.nl\/wp-content\/uploads\/2022\/10\/Wandelpaden-apeneiland_1.jpg","width":1920,"height":1280},{"@type":"BreadcrumbList","@id":"https:\/\/hoenderdaell.nl\/de\/ueber-den-tierpark\/#breadcrumb","itemListElement":[{"@type":"ListItem","position":1,"name":"Home","item":"https:\/\/hoenderdaell.nl\/de\/"},{"@type":"ListItem","position":2,"name":"\u00dcber den Tierpark"}]},{"@type":"WebSite","@id":"https:\/\/hoenderdaell.nl\/de\/#website","url":"https:\/\/hoenderdaell.nl\/de\/","name":"Dierenpark Hoenderdaell","description":"Dierenpark Hoenderdaell ligt op een landgoed dat tussen Anna Paulowna en Van Ewijcksluis in Noord-Holland ligt.","publisher":{"@id":"https:\/\/hoenderdaell.nl\/de\/#organization"},"alternateName":"Hoenderdaell","potentialAction":[{"@type":"SearchAction","target":{"@type":"EntryPoint","urlTemplate":"https:\/\/hoenderdaell.nl\/de\/?s={search_term_string}"},"query-input":{"@type":"PropertyValueSpecification","valueRequired":true,"valueName":"search_term_string"}}],"inLanguage":"de"},{"@type":"Organization","@id":"https:\/\/hoenderdaell.nl\/de\/#organization","name":"Dierenpark Hoenderdaell","alternateName":"Hoenderdaell","url":"https:\/\/hoenderdaell.nl\/de\/","logo":{"@type":"ImageObject","inLanguage":"de","@id":"https:\/\/hoenderdaell.nl\/de\/#\/schema\/logo\/image\/","url":"https:\/\/hoenderdaell.nl\/wp-content\/uploads\/2022\/10\/h_favicon@2x.png","contentUrl":"https:\/\/hoenderdaell.nl\/wp-content\/uploads\/2022\/10\/h_favicon@2x.png","width":600,"height":600,"caption":"Dierenpark Hoenderdaell"},"image":{"@id":"https:\/\/hoenderdaell.nl\/de\/#\/schema\/logo\/image\/"},"sameAs":["https:\/\/www.facebook.com\/landgoedhoenderdaell\/","https:\/\/www.instagram.com\/landgoedhoenderdaell\/","https:\/\/www.youtube.com\/channel\/UCQQqkbss-vo2RcieVS0lM2A"]}]}},"_links":{"self":[{"href":"https:\/\/hoenderdaell.nl\/de\/wp-json\/wp\/v2\/pages\/2090","targetHints":{"allow":["GET"]}}],"collection":[{"href":"https:\/\/hoenderdaell.nl\/de\/wp-json\/wp\/v2\/pages"}],"about":[{"href":"https:\/\/hoenderdaell.nl\/de\/wp-json\/wp\/v2\/types\/page"}],"author":[{"embeddable":true,"href":"https:\/\/hoenderdaell.nl\/de\/wp-json\/wp\/v2\/users\/2"}],"replies":[{"embeddable":true,"href":"https:\/\/hoenderdaell.nl\/de\/wp-json\/wp\/v2\/comments?post=2090"}],"version-history":[{"count":2,"href":"https:\/\/hoenderdaell.nl\/de\/wp-json\/wp\/v2\/pages\/2090\/revisions"}],"predecessor-version":[{"id":2092,"href":"https:\/\/hoenderdaell.nl\/de\/wp-json\/wp\/v2\/pages\/2090\/revisions\/2092"}],"wp:featuredmedia":[{"embeddable":true,"href":"https:\/\/hoenderdaell.nl\/de\/wp-json\/wp\/v2\/media\/1270"}],"wp:attachment":[{"href":"https:\/\/hoenderdaell.nl\/de\/wp-json\/wp\/v2\/media?parent=2090"}],"curies":[{"name":"wp","href":"https:\/\/api.w.org\/{rel}","templated":true}]}}