{"id":2093,"date":"2022-09-15T13:44:06","date_gmt":"2022-09-15T11:44:06","guid":{"rendered":"https:\/\/hoenderdaell.nl\/over-landgoed-hoenderdaell\/"},"modified":"2024-02-12T12:25:22","modified_gmt":"2024-02-12T11:25:22","slug":"ueber-das-landgut","status":"publish","type":"page","link":"https:\/\/hoenderdaell.nl\/de\/ueber-das-landgut\/","title":{"rendered":"\u00dcber das Landgut"},"content":{"rendered":"<p><strong>Der Tierpark Hoenderdaell ist +\/- 30 Hektar gro\u00df und liegt am Anfang des gro\u00dfen Landguts Hoenderdaell im Anna Paulownapolder.<br \/>\n<\/strong><strong>Das Landgut liegt inmitten eines 75 Hektar gro\u00dfen Naturgebiets, das urspr\u00fcnglich zum Wattengebiet geh\u00f6rte. Nach einem Besuch im Dierenpark Hoenderdaell k\u00f6nnen Naturliebhaber auch einen Spaziergang durch das Ruhegebiet unternehmen.<\/strong><\/p>\n<p>Da die Natur hier frei von menschlichen Einfl\u00fcssen ist, k\u00f6nnen Blumen und Pflanzen hier gut gedeihen. Auch die Vergangenheit hat das Wachstum von Blumen und Pflanzen in diesem Gebiet beeinflusst. So wurde zum Beispiel der hintere Teil des Ruhegebiets im Mittelalter ausgegraben und sp\u00e4ter mit Meeresschlamm aufgef\u00fcllt, so dass das Meer die Vegetation beeinflusst hat. Au\u00dferdem haben die Ausgrabungen und Aufsch\u00fcttungen H\u00f6henunterschiede geschaffen, die zu einer gro\u00dfen Vielfalt der Flora gef\u00fchrt haben.<\/p>\n","protected":false},"excerpt":{"rendered":"<p>Der Tierpark Hoenderdaell ist +\/- 30 Hektar gro\u00df und liegt am Anfang des gro\u00dfen Landguts Hoenderdaell im Anna Paulownapolder. Das Landgut liegt inmitten eines 75 Hektar gro\u00dfen Naturgebiets, das urspr\u00fcnglich zum Wattengebiet geh\u00f6rte. Nach einem Besuch im Dierenpark Hoenderdaell k\u00f6nnen Naturliebhaber auch einen Spaziergang durch das Ruhegebiet unternehmen. Da die Natur hier frei von menschlichen [&hellip;]<\/p>\n","protected":false},"author":1,"featured_media":2154,"parent":0,"menu_order":42,"comment_status":"closed","ping_status":"closed","template":"","meta":{"_acf_changed":false,"footnotes":""},"class_list":["post-2093","page","type-page","status-publish","has-post-thumbnail","hentry"],"acf":[],"yoast_head":"<!-- This site is optimized with the Yoast SEO plugin v26.9 - https:\/\/yoast.com\/product\/yoast-seo-wordpress\/ -->\n<title>\u00dcber das Landgut &#183; Dierenpark Hoenderdaell<\/title>\n<meta name=\"robots\" content=\"index, follow, max-snippet:-1, max-image-preview:large, max-video-preview:-1\" \/>\n<link rel=\"canonical\" href=\"https:\/\/hoenderdaell.nl\/de\/ueber-das-landgut\/\" \/>\n<meta property=\"og:locale\" content=\"de_DE\" \/>\n<meta property=\"og:type\" content=\"article\" \/>\n<meta property=\"og:title\" content=\"\u00dcber das Landgut &#183; Dierenpark Hoenderdaell\" \/>\n<meta property=\"og:description\" content=\"Der Tierpark Hoenderdaell ist +\/- 30 Hektar gro\u00df und liegt am Anfang des gro\u00dfen Landguts Hoenderdaell im Anna Paulownapolder. Das Landgut liegt inmitten eines 75 Hektar gro\u00dfen Naturgebiets, das urspr\u00fcnglich zum Wattengebiet geh\u00f6rte. Nach einem Besuch im Dierenpark Hoenderdaell k\u00f6nnen Naturliebhaber auch einen Spaziergang durch das Ruhegebiet unternehmen. Da die Natur hier frei von menschlichen [&hellip;]\" \/>\n<meta property=\"og:url\" content=\"https:\/\/hoenderdaell.nl\/de\/ueber-das-landgut\/\" \/>\n<meta property=\"og:site_name\" content=\"Dierenpark Hoenderdaell\" \/>\n<meta property=\"article:publisher\" content=\"https:\/\/www.facebook.com\/landgoedhoenderdaell\/\" \/>\n<meta property=\"article:modified_time\" content=\"2024-02-12T11:25:22+00:00\" \/>\n<meta property=\"og:image\" content=\"https:\/\/hoenderdaell.nl\/wp-content\/uploads\/2023\/03\/GOPR1642.jpg\" \/>\n\t<meta property=\"og:image:width\" content=\"1920\" \/>\n\t<meta property=\"og:image:height\" content=\"1440\" \/>\n\t<meta property=\"og:image:type\" content=\"image\/jpeg\" \/>\n<meta name=\"twitter:card\" content=\"summary_large_image\" \/>\n<meta name=\"twitter:label1\" content=\"Gesch\u00e4tzte Lesezeit\" \/>\n\t<meta name=\"twitter:data1\" content=\"1\u00a0Minute\" \/>\n<script type=\"application\/ld+json\" class=\"yoast-schema-graph\">{\"@context\":\"https:\/\/schema.org\",\"@graph\":[{\"@type\":\"WebPage\",\"@id\":\"https:\/\/hoenderdaell.nl\/de\/ueber-das-landgut\/\",\"url\":\"https:\/\/hoenderdaell.nl\/de\/ueber-das-landgut\/\",\"name\":\"\u00dcber das Landgut &#183; Dierenpark Hoenderdaell\",\"isPartOf\":{\"@id\":\"https:\/\/hoenderdaell.nl\/de\/#website\"},\"primaryImageOfPage\":{\"@id\":\"https:\/\/hoenderdaell.nl\/de\/ueber-das-landgut\/#primaryimage\"},\"image\":{\"@id\":\"https:\/\/hoenderdaell.nl\/de\/ueber-das-landgut\/#primaryimage\"},\"thumbnailUrl\":\"https:\/\/hoenderdaell.nl\/wp-content\/uploads\/2023\/03\/GOPR1642.jpg\",\"datePublished\":\"2022-09-15T11:44:06+00:00\",\"dateModified\":\"2024-02-12T11:25:22+00:00\",\"breadcrumb\":{\"@id\":\"https:\/\/hoenderdaell.nl\/de\/ueber-das-landgut\/#breadcrumb\"},\"inLanguage\":\"de\",\"potentialAction\":[{\"@type\":\"ReadAction\",\"target\":[\"https:\/\/hoenderdaell.nl\/de\/ueber-das-landgut\/\"]}]},{\"@type\":\"ImageObject\",\"inLanguage\":\"de\",\"@id\":\"https:\/\/hoenderdaell.nl\/de\/ueber-das-landgut\/#primaryimage\",\"url\":\"https:\/\/hoenderdaell.nl\/wp-content\/uploads\/2023\/03\/GOPR1642.jpg\",\"contentUrl\":\"https:\/\/hoenderdaell.nl\/wp-content\/uploads\/2023\/03\/GOPR1642.jpg\",\"width\":1920,\"height\":1440},{\"@type\":\"BreadcrumbList\",\"@id\":\"https:\/\/hoenderdaell.nl\/de\/ueber-das-landgut\/#breadcrumb\",\"itemListElement\":[{\"@type\":\"ListItem\",\"position\":1,\"name\":\"Home\",\"item\":\"https:\/\/hoenderdaell.nl\/de\/\"},{\"@type\":\"ListItem\",\"position\":2,\"name\":\"\u00dcber das Landgut\"}]},{\"@type\":\"WebSite\",\"@id\":\"https:\/\/hoenderdaell.nl\/de\/#website\",\"url\":\"https:\/\/hoenderdaell.nl\/de\/\",\"name\":\"Dierenpark Hoenderdaell\",\"description\":\"Dierenpark Hoenderdaell ligt op een landgoed dat tussen Anna Paulowna en Van Ewijcksluis in Noord-Holland ligt.\",\"publisher\":{\"@id\":\"https:\/\/hoenderdaell.nl\/de\/#organization\"},\"alternateName\":\"Hoenderdaell\",\"potentialAction\":[{\"@type\":\"SearchAction\",\"target\":{\"@type\":\"EntryPoint\",\"urlTemplate\":\"https:\/\/hoenderdaell.nl\/de\/?s={search_term_string}\"},\"query-input\":{\"@type\":\"PropertyValueSpecification\",\"valueRequired\":true,\"valueName\":\"search_term_string\"}}],\"inLanguage\":\"de\"},{\"@type\":\"Organization\",\"@id\":\"https:\/\/hoenderdaell.nl\/de\/#organization\",\"name\":\"Dierenpark Hoenderdaell\",\"alternateName\":\"Hoenderdaell\",\"url\":\"https:\/\/hoenderdaell.nl\/de\/\",\"logo\":{\"@type\":\"ImageObject\",\"inLanguage\":\"de\",\"@id\":\"https:\/\/hoenderdaell.nl\/de\/#\/schema\/logo\/image\/\",\"url\":\"https:\/\/hoenderdaell.nl\/wp-content\/uploads\/2022\/10\/h_favicon@2x.png\",\"contentUrl\":\"https:\/\/hoenderdaell.nl\/wp-content\/uploads\/2022\/10\/h_favicon@2x.png\",\"width\":600,\"height\":600,\"caption\":\"Dierenpark Hoenderdaell\"},\"image\":{\"@id\":\"https:\/\/hoenderdaell.nl\/de\/#\/schema\/logo\/image\/\"},\"sameAs\":[\"https:\/\/www.facebook.com\/landgoedhoenderdaell\/\",\"https:\/\/www.instagram.com\/landgoedhoenderdaell\/\",\"https:\/\/www.youtube.com\/channel\/UCQQqkbss-vo2RcieVS0lM2A\"]}]}<\/script>\n<!-- \/ Yoast SEO plugin. -->","yoast_head_json":{"title":"\u00dcber das Landgut &#183; Dierenpark Hoenderdaell","robots":{"index":"index","follow":"follow","max-snippet":"max-snippet:-1","max-image-preview":"max-image-preview:large","max-video-preview":"max-video-preview:-1"},"canonical":"https:\/\/hoenderdaell.nl\/de\/ueber-das-landgut\/","og_locale":"de_DE","og_type":"article","og_title":"\u00dcber das Landgut &#183; Dierenpark Hoenderdaell","og_description":"Der Tierpark Hoenderdaell ist +\/- 30 Hektar gro\u00df und liegt am Anfang des gro\u00dfen Landguts Hoenderdaell im Anna Paulownapolder. Das Landgut liegt inmitten eines 75 Hektar gro\u00dfen Naturgebiets, das urspr\u00fcnglich zum Wattengebiet geh\u00f6rte. Nach einem Besuch im Dierenpark Hoenderdaell k\u00f6nnen Naturliebhaber auch einen Spaziergang durch das Ruhegebiet unternehmen. Da die Natur hier frei von menschlichen [&hellip;]","og_url":"https:\/\/hoenderdaell.nl\/de\/ueber-das-landgut\/","og_site_name":"Dierenpark Hoenderdaell","article_publisher":"https:\/\/www.facebook.com\/landgoedhoenderdaell\/","article_modified_time":"2024-02-12T11:25:22+00:00","og_image":[{"width":1920,"height":1440,"url":"https:\/\/hoenderdaell.nl\/wp-content\/uploads\/2023\/03\/GOPR1642.jpg","type":"image\/jpeg"}],"twitter_card":"summary_large_image","twitter_misc":{"Gesch\u00e4tzte Lesezeit":"1\u00a0Minute"},"schema":{"@context":"https:\/\/schema.org","@graph":[{"@type":"WebPage","@id":"https:\/\/hoenderdaell.nl\/de\/ueber-das-landgut\/","url":"https:\/\/hoenderdaell.nl\/de\/ueber-das-landgut\/","name":"\u00dcber das Landgut &#183; Dierenpark Hoenderdaell","isPartOf":{"@id":"https:\/\/hoenderdaell.nl\/de\/#website"},"primaryImageOfPage":{"@id":"https:\/\/hoenderdaell.nl\/de\/ueber-das-landgut\/#primaryimage"},"image":{"@id":"https:\/\/hoenderdaell.nl\/de\/ueber-das-landgut\/#primaryimage"},"thumbnailUrl":"https:\/\/hoenderdaell.nl\/wp-content\/uploads\/2023\/03\/GOPR1642.jpg","datePublished":"2022-09-15T11:44:06+00:00","dateModified":"2024-02-12T11:25:22+00:00","breadcrumb":{"@id":"https:\/\/hoenderdaell.nl\/de\/ueber-das-landgut\/#breadcrumb"},"inLanguage":"de","potentialAction":[{"@type":"ReadAction","target":["https:\/\/hoenderdaell.nl\/de\/ueber-das-landgut\/"]}]},{"@type":"ImageObject","inLanguage":"de","@id":"https:\/\/hoenderdaell.nl\/de\/ueber-das-landgut\/#primaryimage","url":"https:\/\/hoenderdaell.nl\/wp-content\/uploads\/2023\/03\/GOPR1642.jpg","contentUrl":"https:\/\/hoenderdaell.nl\/wp-content\/uploads\/2023\/03\/GOPR1642.jpg","width":1920,"height":1440},{"@type":"BreadcrumbList","@id":"https:\/\/hoenderdaell.nl\/de\/ueber-das-landgut\/#breadcrumb","itemListElement":[{"@type":"ListItem","position":1,"name":"Home","item":"https:\/\/hoenderdaell.nl\/de\/"},{"@type":"ListItem","position":2,"name":"\u00dcber das Landgut"}]},{"@type":"WebSite","@id":"https:\/\/hoenderdaell.nl\/de\/#website","url":"https:\/\/hoenderdaell.nl\/de\/","name":"Dierenpark Hoenderdaell","description":"Dierenpark Hoenderdaell ligt op een landgoed dat tussen Anna Paulowna en Van Ewijcksluis in Noord-Holland ligt.","publisher":{"@id":"https:\/\/hoenderdaell.nl\/de\/#organization"},"alternateName":"Hoenderdaell","potentialAction":[{"@type":"SearchAction","target":{"@type":"EntryPoint","urlTemplate":"https:\/\/hoenderdaell.nl\/de\/?s={search_term_string}"},"query-input":{"@type":"PropertyValueSpecification","valueRequired":true,"valueName":"search_term_string"}}],"inLanguage":"de"},{"@type":"Organization","@id":"https:\/\/hoenderdaell.nl\/de\/#organization","name":"Dierenpark Hoenderdaell","alternateName":"Hoenderdaell","url":"https:\/\/hoenderdaell.nl\/de\/","logo":{"@type":"ImageObject","inLanguage":"de","@id":"https:\/\/hoenderdaell.nl\/de\/#\/schema\/logo\/image\/","url":"https:\/\/hoenderdaell.nl\/wp-content\/uploads\/2022\/10\/h_favicon@2x.png","contentUrl":"https:\/\/hoenderdaell.nl\/wp-content\/uploads\/2022\/10\/h_favicon@2x.png","width":600,"height":600,"caption":"Dierenpark Hoenderdaell"},"image":{"@id":"https:\/\/hoenderdaell.nl\/de\/#\/schema\/logo\/image\/"},"sameAs":["https:\/\/www.facebook.com\/landgoedhoenderdaell\/","https:\/\/www.instagram.com\/landgoedhoenderdaell\/","https:\/\/www.youtube.com\/channel\/UCQQqkbss-vo2RcieVS0lM2A"]}]}},"_links":{"self":[{"href":"https:\/\/hoenderdaell.nl\/de\/wp-json\/wp\/v2\/pages\/2093","targetHints":{"allow":["GET"]}}],"collection":[{"href":"https:\/\/hoenderdaell.nl\/de\/wp-json\/wp\/v2\/pages"}],"about":[{"href":"https:\/\/hoenderdaell.nl\/de\/wp-json\/wp\/v2\/types\/page"}],"author":[{"embeddable":true,"href":"https:\/\/hoenderdaell.nl\/de\/wp-json\/wp\/v2\/users\/1"}],"replies":[{"embeddable":true,"href":"https:\/\/hoenderdaell.nl\/de\/wp-json\/wp\/v2\/comments?post=2093"}],"version-history":[{"count":3,"href":"https:\/\/hoenderdaell.nl\/de\/wp-json\/wp\/v2\/pages\/2093\/revisions"}],"predecessor-version":[{"id":2710,"href":"https:\/\/hoenderdaell.nl\/de\/wp-json\/wp\/v2\/pages\/2093\/revisions\/2710"}],"wp:featuredmedia":[{"embeddable":true,"href":"https:\/\/hoenderdaell.nl\/de\/wp-json\/wp\/v2\/media\/2154"}],"wp:attachment":[{"href":"https:\/\/hoenderdaell.nl\/de\/wp-json\/wp\/v2\/media?parent=2093"}],"curies":[{"name":"wp","href":"https:\/\/api.w.org\/{rel}","templated":true}]}}