{"id":2096,"date":"2022-09-15T13:42:03","date_gmt":"2022-09-15T11:42:03","guid":{"rendered":"https:\/\/hoenderdaell.nl\/eten-drinken\/"},"modified":"2023-04-11T11:10:49","modified_gmt":"2023-04-11T09:10:49","slug":"essen-trinken","status":"publish","type":"page","link":"https:\/\/hoenderdaell.nl\/de\/essen-trinken\/","title":{"rendered":"Essen &#038; Trinken"},"content":{"rendered":"<p>Im Park gibt es zwei Gastronomiebetriebe. Auf halbem Weg durch den Park befindet sich Spa Groen. Dieses Restaurant ist nur in der Hochsaison ge\u00f6ffnet. Neben dem Geb\u00e4ude von\u00a0<a href=\"https:\/\/hoenderdaell.nl\/dierenopvang\/\">Stichting Leeuw<\/a>\u00a0 befindet sich ein gro\u00dfes Restaurant, welches das ganze Jahr ge\u00f6ffnet ist. Hier werden u.a. verschiedene frisch zubereitete Br\u00f6tchen, Pommes frites und verschiedene Getr\u00e4nke angeboten.<\/p>\n","protected":false},"excerpt":{"rendered":"<p>Im Park gibt es zwei Gastronomiebetriebe. Auf halbem Weg durch den Park befindet sich Spa Groen. Dieses Restaurant ist nur in der Hochsaison ge\u00f6ffnet. Neben dem Geb\u00e4ude von\u00a0Stichting Leeuw\u00a0 befindet sich ein gro\u00dfes Restaurant, welches das ganze Jahr ge\u00f6ffnet ist. Hier werden u.a. verschiedene frisch zubereitete Br\u00f6tchen, Pommes frites und verschiedene Getr\u00e4nke angeboten.<\/p>\n","protected":false},"author":1,"featured_media":0,"parent":0,"menu_order":13,"comment_status":"closed","ping_status":"closed","template":"","meta":{"_acf_changed":false,"footnotes":""},"class_list":["post-2096","page","type-page","status-publish","hentry"],"acf":[],"yoast_head":"<!-- This site is optimized with the Yoast SEO plugin v26.9 - https:\/\/yoast.com\/product\/yoast-seo-wordpress\/ -->\n<title>Essen &amp; Trinken &#183; Dierenpark Hoenderdaell<\/title>\n<meta name=\"robots\" content=\"index, follow, max-snippet:-1, max-image-preview:large, max-video-preview:-1\" \/>\n<link rel=\"canonical\" href=\"https:\/\/hoenderdaell.nl\/de\/essen-trinken\/\" \/>\n<meta property=\"og:locale\" content=\"de_DE\" \/>\n<meta property=\"og:type\" content=\"article\" \/>\n<meta property=\"og:title\" content=\"Essen &amp; Trinken &#183; Dierenpark Hoenderdaell\" \/>\n<meta property=\"og:description\" content=\"Im Park gibt es zwei Gastronomiebetriebe. Auf halbem Weg durch den Park befindet sich Spa Groen. Dieses Restaurant ist nur in der Hochsaison ge\u00f6ffnet. Neben dem Geb\u00e4ude von\u00a0Stichting Leeuw\u00a0 befindet sich ein gro\u00dfes Restaurant, welches das ganze Jahr ge\u00f6ffnet ist. Hier werden u.a. verschiedene frisch zubereitete Br\u00f6tchen, Pommes frites und verschiedene Getr\u00e4nke angeboten.\" \/>\n<meta property=\"og:url\" content=\"https:\/\/hoenderdaell.nl\/de\/essen-trinken\/\" \/>\n<meta property=\"og:site_name\" content=\"Dierenpark Hoenderdaell\" \/>\n<meta property=\"article:publisher\" content=\"https:\/\/www.facebook.com\/landgoedhoenderdaell\/\" \/>\n<meta property=\"article:modified_time\" content=\"2023-04-11T09:10:49+00:00\" \/>\n<meta property=\"og:image\" content=\"https:\/\/hoenderdaell.nl\/wp-content\/uploads\/2022\/11\/hoenderdaell_og.jpg\" \/>\n\t<meta property=\"og:image:width\" content=\"1200\" \/>\n\t<meta property=\"og:image:height\" content=\"630\" \/>\n\t<meta property=\"og:image:type\" content=\"image\/jpeg\" \/>\n<meta name=\"twitter:card\" content=\"summary_large_image\" \/>\n<meta name=\"twitter:label1\" content=\"Gesch\u00e4tzte Lesezeit\" \/>\n\t<meta name=\"twitter:data1\" content=\"1\u00a0Minute\" \/>\n<script type=\"application\/ld+json\" class=\"yoast-schema-graph\">{\"@context\":\"https:\/\/schema.org\",\"@graph\":[{\"@type\":\"WebPage\",\"@id\":\"https:\/\/hoenderdaell.nl\/de\/essen-trinken\/\",\"url\":\"https:\/\/hoenderdaell.nl\/de\/essen-trinken\/\",\"name\":\"Essen & Trinken &#183; Dierenpark Hoenderdaell\",\"isPartOf\":{\"@id\":\"https:\/\/hoenderdaell.nl\/de\/#website\"},\"datePublished\":\"2022-09-15T11:42:03+00:00\",\"dateModified\":\"2023-04-11T09:10:49+00:00\",\"breadcrumb\":{\"@id\":\"https:\/\/hoenderdaell.nl\/de\/essen-trinken\/#breadcrumb\"},\"inLanguage\":\"de\",\"potentialAction\":[{\"@type\":\"ReadAction\",\"target\":[\"https:\/\/hoenderdaell.nl\/de\/essen-trinken\/\"]}]},{\"@type\":\"BreadcrumbList\",\"@id\":\"https:\/\/hoenderdaell.nl\/de\/essen-trinken\/#breadcrumb\",\"itemListElement\":[{\"@type\":\"ListItem\",\"position\":1,\"name\":\"Home\",\"item\":\"https:\/\/hoenderdaell.nl\/de\/\"},{\"@type\":\"ListItem\",\"position\":2,\"name\":\"Essen &#038; Trinken\"}]},{\"@type\":\"WebSite\",\"@id\":\"https:\/\/hoenderdaell.nl\/de\/#website\",\"url\":\"https:\/\/hoenderdaell.nl\/de\/\",\"name\":\"Dierenpark Hoenderdaell\",\"description\":\"Dierenpark Hoenderdaell ligt op een landgoed dat tussen Anna Paulowna en Van Ewijcksluis in Noord-Holland ligt.\",\"publisher\":{\"@id\":\"https:\/\/hoenderdaell.nl\/de\/#organization\"},\"alternateName\":\"Hoenderdaell\",\"potentialAction\":[{\"@type\":\"SearchAction\",\"target\":{\"@type\":\"EntryPoint\",\"urlTemplate\":\"https:\/\/hoenderdaell.nl\/de\/?s={search_term_string}\"},\"query-input\":{\"@type\":\"PropertyValueSpecification\",\"valueRequired\":true,\"valueName\":\"search_term_string\"}}],\"inLanguage\":\"de\"},{\"@type\":\"Organization\",\"@id\":\"https:\/\/hoenderdaell.nl\/de\/#organization\",\"name\":\"Dierenpark Hoenderdaell\",\"alternateName\":\"Hoenderdaell\",\"url\":\"https:\/\/hoenderdaell.nl\/de\/\",\"logo\":{\"@type\":\"ImageObject\",\"inLanguage\":\"de\",\"@id\":\"https:\/\/hoenderdaell.nl\/de\/#\/schema\/logo\/image\/\",\"url\":\"https:\/\/hoenderdaell.nl\/wp-content\/uploads\/2022\/10\/h_favicon@2x.png\",\"contentUrl\":\"https:\/\/hoenderdaell.nl\/wp-content\/uploads\/2022\/10\/h_favicon@2x.png\",\"width\":600,\"height\":600,\"caption\":\"Dierenpark Hoenderdaell\"},\"image\":{\"@id\":\"https:\/\/hoenderdaell.nl\/de\/#\/schema\/logo\/image\/\"},\"sameAs\":[\"https:\/\/www.facebook.com\/landgoedhoenderdaell\/\",\"https:\/\/www.instagram.com\/landgoedhoenderdaell\/\",\"https:\/\/www.youtube.com\/channel\/UCQQqkbss-vo2RcieVS0lM2A\"]}]}<\/script>\n<!-- \/ Yoast SEO plugin. -->","yoast_head_json":{"title":"Essen & Trinken &#183; Dierenpark Hoenderdaell","robots":{"index":"index","follow":"follow","max-snippet":"max-snippet:-1","max-image-preview":"max-image-preview:large","max-video-preview":"max-video-preview:-1"},"canonical":"https:\/\/hoenderdaell.nl\/de\/essen-trinken\/","og_locale":"de_DE","og_type":"article","og_title":"Essen & Trinken &#183; Dierenpark Hoenderdaell","og_description":"Im Park gibt es zwei Gastronomiebetriebe. Auf halbem Weg durch den Park befindet sich Spa Groen. Dieses Restaurant ist nur in der Hochsaison ge\u00f6ffnet. Neben dem Geb\u00e4ude von\u00a0Stichting Leeuw\u00a0 befindet sich ein gro\u00dfes Restaurant, welches das ganze Jahr ge\u00f6ffnet ist. Hier werden u.a. verschiedene frisch zubereitete Br\u00f6tchen, Pommes frites und verschiedene Getr\u00e4nke angeboten.","og_url":"https:\/\/hoenderdaell.nl\/de\/essen-trinken\/","og_site_name":"Dierenpark Hoenderdaell","article_publisher":"https:\/\/www.facebook.com\/landgoedhoenderdaell\/","article_modified_time":"2023-04-11T09:10:49+00:00","og_image":[{"width":1200,"height":630,"url":"https:\/\/hoenderdaell.nl\/wp-content\/uploads\/2022\/11\/hoenderdaell_og.jpg","type":"image\/jpeg"}],"twitter_card":"summary_large_image","twitter_misc":{"Gesch\u00e4tzte Lesezeit":"1\u00a0Minute"},"schema":{"@context":"https:\/\/schema.org","@graph":[{"@type":"WebPage","@id":"https:\/\/hoenderdaell.nl\/de\/essen-trinken\/","url":"https:\/\/hoenderdaell.nl\/de\/essen-trinken\/","name":"Essen & Trinken &#183; Dierenpark Hoenderdaell","isPartOf":{"@id":"https:\/\/hoenderdaell.nl\/de\/#website"},"datePublished":"2022-09-15T11:42:03+00:00","dateModified":"2023-04-11T09:10:49+00:00","breadcrumb":{"@id":"https:\/\/hoenderdaell.nl\/de\/essen-trinken\/#breadcrumb"},"inLanguage":"de","potentialAction":[{"@type":"ReadAction","target":["https:\/\/hoenderdaell.nl\/de\/essen-trinken\/"]}]},{"@type":"BreadcrumbList","@id":"https:\/\/hoenderdaell.nl\/de\/essen-trinken\/#breadcrumb","itemListElement":[{"@type":"ListItem","position":1,"name":"Home","item":"https:\/\/hoenderdaell.nl\/de\/"},{"@type":"ListItem","position":2,"name":"Essen &#038; Trinken"}]},{"@type":"WebSite","@id":"https:\/\/hoenderdaell.nl\/de\/#website","url":"https:\/\/hoenderdaell.nl\/de\/","name":"Dierenpark Hoenderdaell","description":"Dierenpark Hoenderdaell ligt op een landgoed dat tussen Anna Paulowna en Van Ewijcksluis in Noord-Holland ligt.","publisher":{"@id":"https:\/\/hoenderdaell.nl\/de\/#organization"},"alternateName":"Hoenderdaell","potentialAction":[{"@type":"SearchAction","target":{"@type":"EntryPoint","urlTemplate":"https:\/\/hoenderdaell.nl\/de\/?s={search_term_string}"},"query-input":{"@type":"PropertyValueSpecification","valueRequired":true,"valueName":"search_term_string"}}],"inLanguage":"de"},{"@type":"Organization","@id":"https:\/\/hoenderdaell.nl\/de\/#organization","name":"Dierenpark Hoenderdaell","alternateName":"Hoenderdaell","url":"https:\/\/hoenderdaell.nl\/de\/","logo":{"@type":"ImageObject","inLanguage":"de","@id":"https:\/\/hoenderdaell.nl\/de\/#\/schema\/logo\/image\/","url":"https:\/\/hoenderdaell.nl\/wp-content\/uploads\/2022\/10\/h_favicon@2x.png","contentUrl":"https:\/\/hoenderdaell.nl\/wp-content\/uploads\/2022\/10\/h_favicon@2x.png","width":600,"height":600,"caption":"Dierenpark Hoenderdaell"},"image":{"@id":"https:\/\/hoenderdaell.nl\/de\/#\/schema\/logo\/image\/"},"sameAs":["https:\/\/www.facebook.com\/landgoedhoenderdaell\/","https:\/\/www.instagram.com\/landgoedhoenderdaell\/","https:\/\/www.youtube.com\/channel\/UCQQqkbss-vo2RcieVS0lM2A"]}]}},"_links":{"self":[{"href":"https:\/\/hoenderdaell.nl\/de\/wp-json\/wp\/v2\/pages\/2096","targetHints":{"allow":["GET"]}}],"collection":[{"href":"https:\/\/hoenderdaell.nl\/de\/wp-json\/wp\/v2\/pages"}],"about":[{"href":"https:\/\/hoenderdaell.nl\/de\/wp-json\/wp\/v2\/types\/page"}],"author":[{"embeddable":true,"href":"https:\/\/hoenderdaell.nl\/de\/wp-json\/wp\/v2\/users\/1"}],"replies":[{"embeddable":true,"href":"https:\/\/hoenderdaell.nl\/de\/wp-json\/wp\/v2\/comments?post=2096"}],"version-history":[{"count":3,"href":"https:\/\/hoenderdaell.nl\/de\/wp-json\/wp\/v2\/pages\/2096\/revisions"}],"predecessor-version":[{"id":2441,"href":"https:\/\/hoenderdaell.nl\/de\/wp-json\/wp\/v2\/pages\/2096\/revisions\/2441"}],"wp:attachment":[{"href":"https:\/\/hoenderdaell.nl\/de\/wp-json\/wp\/v2\/media?parent=2096"}],"curies":[{"name":"wp","href":"https:\/\/api.w.org\/{rel}","templated":true}]}}