{"id":2108,"date":"2022-09-15T13:42:09","date_gmt":"2022-09-15T11:42:09","guid":{"rendered":"https:\/\/hoenderdaell.nl\/speeltuinen\/"},"modified":"2023-03-07T14:35:46","modified_gmt":"2023-03-07T13:35:46","slug":"spielplaetze","status":"publish","type":"page","link":"https:\/\/hoenderdaell.nl\/de\/spielplaetze\/","title":{"rendered":"Spielpl\u00e4tze"},"content":{"rendered":"<p>Im Park gibt es zwei Spielpl\u00e4tze. Es gibt einen kleinen Spielplatz neben dem Restaurant Spa Groen und einen gro\u00dfen Spielplatz neben dem <a href=\"https:\/\/hoenderdaell.nl\/eten-drinken\/\">Restaurant Leeuw<\/a>. Auch vor dem Eingang des Parks gibt es einen kleinen Spielplatz neben dem Eingangsgeb\u00e4ude.<\/p>\n","protected":false},"excerpt":{"rendered":"<p>Im Park gibt es zwei Spielpl\u00e4tze. Es gibt einen kleinen Spielplatz neben dem Restaurant Spa Groen und einen gro\u00dfen Spielplatz neben dem Restaurant Leeuw. Auch vor dem Eingang des Parks gibt es einen kleinen Spielplatz neben dem Eingangsgeb\u00e4ude.<\/p>\n","protected":false},"author":1,"featured_media":1243,"parent":0,"menu_order":21,"comment_status":"closed","ping_status":"closed","template":"","meta":{"_acf_changed":false,"footnotes":""},"class_list":["post-2108","page","type-page","status-publish","has-post-thumbnail","hentry"],"acf":[],"yoast_head":"<!-- This site is optimized with the Yoast SEO plugin v26.9 - https:\/\/yoast.com\/product\/yoast-seo-wordpress\/ -->\n<title>Spielpl\u00e4tze &#183; Dierenpark Hoenderdaell<\/title>\n<meta name=\"robots\" content=\"index, follow, max-snippet:-1, max-image-preview:large, max-video-preview:-1\" \/>\n<link rel=\"canonical\" href=\"https:\/\/hoenderdaell.nl\/de\/spielplaetze\/\" \/>\n<meta property=\"og:locale\" content=\"de_DE\" \/>\n<meta property=\"og:type\" content=\"article\" \/>\n<meta property=\"og:title\" content=\"Spielpl\u00e4tze &#183; Dierenpark Hoenderdaell\" \/>\n<meta property=\"og:description\" content=\"Im Park gibt es zwei Spielpl\u00e4tze. Es gibt einen kleinen Spielplatz neben dem Restaurant Spa Groen und einen gro\u00dfen Spielplatz neben dem Restaurant Leeuw. Auch vor dem Eingang des Parks gibt es einen kleinen Spielplatz neben dem Eingangsgeb\u00e4ude.\" \/>\n<meta property=\"og:url\" content=\"https:\/\/hoenderdaell.nl\/de\/spielplaetze\/\" \/>\n<meta property=\"og:site_name\" content=\"Dierenpark Hoenderdaell\" \/>\n<meta property=\"article:publisher\" content=\"https:\/\/www.facebook.com\/landgoedhoenderdaell\/\" \/>\n<meta property=\"article:modified_time\" content=\"2023-03-07T13:35:46+00:00\" \/>\n<meta property=\"og:image\" content=\"https:\/\/hoenderdaell.nl\/wp-content\/uploads\/2022\/10\/Grote-speeltuin.jpg\" \/>\n\t<meta property=\"og:image:width\" content=\"1920\" \/>\n\t<meta property=\"og:image:height\" content=\"1280\" \/>\n\t<meta property=\"og:image:type\" content=\"image\/jpeg\" \/>\n<meta name=\"twitter:card\" content=\"summary_large_image\" \/>\n<meta name=\"twitter:label1\" content=\"Gesch\u00e4tzte Lesezeit\" \/>\n\t<meta name=\"twitter:data1\" content=\"1\u00a0Minute\" \/>\n<script type=\"application\/ld+json\" class=\"yoast-schema-graph\">{\"@context\":\"https:\/\/schema.org\",\"@graph\":[{\"@type\":\"WebPage\",\"@id\":\"https:\/\/hoenderdaell.nl\/de\/spielplaetze\/\",\"url\":\"https:\/\/hoenderdaell.nl\/de\/spielplaetze\/\",\"name\":\"Spielpl\u00e4tze &#183; Dierenpark Hoenderdaell\",\"isPartOf\":{\"@id\":\"https:\/\/hoenderdaell.nl\/de\/#website\"},\"primaryImageOfPage\":{\"@id\":\"https:\/\/hoenderdaell.nl\/de\/spielplaetze\/#primaryimage\"},\"image\":{\"@id\":\"https:\/\/hoenderdaell.nl\/de\/spielplaetze\/#primaryimage\"},\"thumbnailUrl\":\"https:\/\/hoenderdaell.nl\/wp-content\/uploads\/2022\/10\/Grote-speeltuin.jpg\",\"datePublished\":\"2022-09-15T11:42:09+00:00\",\"dateModified\":\"2023-03-07T13:35:46+00:00\",\"breadcrumb\":{\"@id\":\"https:\/\/hoenderdaell.nl\/de\/spielplaetze\/#breadcrumb\"},\"inLanguage\":\"de\",\"potentialAction\":[{\"@type\":\"ReadAction\",\"target\":[\"https:\/\/hoenderdaell.nl\/de\/spielplaetze\/\"]}]},{\"@type\":\"ImageObject\",\"inLanguage\":\"de\",\"@id\":\"https:\/\/hoenderdaell.nl\/de\/spielplaetze\/#primaryimage\",\"url\":\"https:\/\/hoenderdaell.nl\/wp-content\/uploads\/2022\/10\/Grote-speeltuin.jpg\",\"contentUrl\":\"https:\/\/hoenderdaell.nl\/wp-content\/uploads\/2022\/10\/Grote-speeltuin.jpg\",\"width\":1920,\"height\":1280},{\"@type\":\"BreadcrumbList\",\"@id\":\"https:\/\/hoenderdaell.nl\/de\/spielplaetze\/#breadcrumb\",\"itemListElement\":[{\"@type\":\"ListItem\",\"position\":1,\"name\":\"Home\",\"item\":\"https:\/\/hoenderdaell.nl\/de\/\"},{\"@type\":\"ListItem\",\"position\":2,\"name\":\"Spielpl\u00e4tze\"}]},{\"@type\":\"WebSite\",\"@id\":\"https:\/\/hoenderdaell.nl\/de\/#website\",\"url\":\"https:\/\/hoenderdaell.nl\/de\/\",\"name\":\"Dierenpark Hoenderdaell\",\"description\":\"Dierenpark Hoenderdaell ligt op een landgoed dat tussen Anna Paulowna en Van Ewijcksluis in Noord-Holland ligt.\",\"publisher\":{\"@id\":\"https:\/\/hoenderdaell.nl\/de\/#organization\"},\"alternateName\":\"Hoenderdaell\",\"potentialAction\":[{\"@type\":\"SearchAction\",\"target\":{\"@type\":\"EntryPoint\",\"urlTemplate\":\"https:\/\/hoenderdaell.nl\/de\/?s={search_term_string}\"},\"query-input\":{\"@type\":\"PropertyValueSpecification\",\"valueRequired\":true,\"valueName\":\"search_term_string\"}}],\"inLanguage\":\"de\"},{\"@type\":\"Organization\",\"@id\":\"https:\/\/hoenderdaell.nl\/de\/#organization\",\"name\":\"Dierenpark Hoenderdaell\",\"alternateName\":\"Hoenderdaell\",\"url\":\"https:\/\/hoenderdaell.nl\/de\/\",\"logo\":{\"@type\":\"ImageObject\",\"inLanguage\":\"de\",\"@id\":\"https:\/\/hoenderdaell.nl\/de\/#\/schema\/logo\/image\/\",\"url\":\"https:\/\/hoenderdaell.nl\/wp-content\/uploads\/2022\/10\/h_favicon@2x.png\",\"contentUrl\":\"https:\/\/hoenderdaell.nl\/wp-content\/uploads\/2022\/10\/h_favicon@2x.png\",\"width\":600,\"height\":600,\"caption\":\"Dierenpark Hoenderdaell\"},\"image\":{\"@id\":\"https:\/\/hoenderdaell.nl\/de\/#\/schema\/logo\/image\/\"},\"sameAs\":[\"https:\/\/www.facebook.com\/landgoedhoenderdaell\/\",\"https:\/\/www.instagram.com\/landgoedhoenderdaell\/\",\"https:\/\/www.youtube.com\/channel\/UCQQqkbss-vo2RcieVS0lM2A\"]}]}<\/script>\n<!-- \/ Yoast SEO plugin. -->","yoast_head_json":{"title":"Spielpl\u00e4tze &#183; Dierenpark Hoenderdaell","robots":{"index":"index","follow":"follow","max-snippet":"max-snippet:-1","max-image-preview":"max-image-preview:large","max-video-preview":"max-video-preview:-1"},"canonical":"https:\/\/hoenderdaell.nl\/de\/spielplaetze\/","og_locale":"de_DE","og_type":"article","og_title":"Spielpl\u00e4tze &#183; Dierenpark Hoenderdaell","og_description":"Im Park gibt es zwei Spielpl\u00e4tze. Es gibt einen kleinen Spielplatz neben dem Restaurant Spa Groen und einen gro\u00dfen Spielplatz neben dem Restaurant Leeuw. Auch vor dem Eingang des Parks gibt es einen kleinen Spielplatz neben dem Eingangsgeb\u00e4ude.","og_url":"https:\/\/hoenderdaell.nl\/de\/spielplaetze\/","og_site_name":"Dierenpark Hoenderdaell","article_publisher":"https:\/\/www.facebook.com\/landgoedhoenderdaell\/","article_modified_time":"2023-03-07T13:35:46+00:00","og_image":[{"width":1920,"height":1280,"url":"https:\/\/hoenderdaell.nl\/wp-content\/uploads\/2022\/10\/Grote-speeltuin.jpg","type":"image\/jpeg"}],"twitter_card":"summary_large_image","twitter_misc":{"Gesch\u00e4tzte Lesezeit":"1\u00a0Minute"},"schema":{"@context":"https:\/\/schema.org","@graph":[{"@type":"WebPage","@id":"https:\/\/hoenderdaell.nl\/de\/spielplaetze\/","url":"https:\/\/hoenderdaell.nl\/de\/spielplaetze\/","name":"Spielpl\u00e4tze &#183; Dierenpark Hoenderdaell","isPartOf":{"@id":"https:\/\/hoenderdaell.nl\/de\/#website"},"primaryImageOfPage":{"@id":"https:\/\/hoenderdaell.nl\/de\/spielplaetze\/#primaryimage"},"image":{"@id":"https:\/\/hoenderdaell.nl\/de\/spielplaetze\/#primaryimage"},"thumbnailUrl":"https:\/\/hoenderdaell.nl\/wp-content\/uploads\/2022\/10\/Grote-speeltuin.jpg","datePublished":"2022-09-15T11:42:09+00:00","dateModified":"2023-03-07T13:35:46+00:00","breadcrumb":{"@id":"https:\/\/hoenderdaell.nl\/de\/spielplaetze\/#breadcrumb"},"inLanguage":"de","potentialAction":[{"@type":"ReadAction","target":["https:\/\/hoenderdaell.nl\/de\/spielplaetze\/"]}]},{"@type":"ImageObject","inLanguage":"de","@id":"https:\/\/hoenderdaell.nl\/de\/spielplaetze\/#primaryimage","url":"https:\/\/hoenderdaell.nl\/wp-content\/uploads\/2022\/10\/Grote-speeltuin.jpg","contentUrl":"https:\/\/hoenderdaell.nl\/wp-content\/uploads\/2022\/10\/Grote-speeltuin.jpg","width":1920,"height":1280},{"@type":"BreadcrumbList","@id":"https:\/\/hoenderdaell.nl\/de\/spielplaetze\/#breadcrumb","itemListElement":[{"@type":"ListItem","position":1,"name":"Home","item":"https:\/\/hoenderdaell.nl\/de\/"},{"@type":"ListItem","position":2,"name":"Spielpl\u00e4tze"}]},{"@type":"WebSite","@id":"https:\/\/hoenderdaell.nl\/de\/#website","url":"https:\/\/hoenderdaell.nl\/de\/","name":"Dierenpark Hoenderdaell","description":"Dierenpark Hoenderdaell ligt op een landgoed dat tussen Anna Paulowna en Van Ewijcksluis in Noord-Holland ligt.","publisher":{"@id":"https:\/\/hoenderdaell.nl\/de\/#organization"},"alternateName":"Hoenderdaell","potentialAction":[{"@type":"SearchAction","target":{"@type":"EntryPoint","urlTemplate":"https:\/\/hoenderdaell.nl\/de\/?s={search_term_string}"},"query-input":{"@type":"PropertyValueSpecification","valueRequired":true,"valueName":"search_term_string"}}],"inLanguage":"de"},{"@type":"Organization","@id":"https:\/\/hoenderdaell.nl\/de\/#organization","name":"Dierenpark Hoenderdaell","alternateName":"Hoenderdaell","url":"https:\/\/hoenderdaell.nl\/de\/","logo":{"@type":"ImageObject","inLanguage":"de","@id":"https:\/\/hoenderdaell.nl\/de\/#\/schema\/logo\/image\/","url":"https:\/\/hoenderdaell.nl\/wp-content\/uploads\/2022\/10\/h_favicon@2x.png","contentUrl":"https:\/\/hoenderdaell.nl\/wp-content\/uploads\/2022\/10\/h_favicon@2x.png","width":600,"height":600,"caption":"Dierenpark Hoenderdaell"},"image":{"@id":"https:\/\/hoenderdaell.nl\/de\/#\/schema\/logo\/image\/"},"sameAs":["https:\/\/www.facebook.com\/landgoedhoenderdaell\/","https:\/\/www.instagram.com\/landgoedhoenderdaell\/","https:\/\/www.youtube.com\/channel\/UCQQqkbss-vo2RcieVS0lM2A"]}]}},"_links":{"self":[{"href":"https:\/\/hoenderdaell.nl\/de\/wp-json\/wp\/v2\/pages\/2108","targetHints":{"allow":["GET"]}}],"collection":[{"href":"https:\/\/hoenderdaell.nl\/de\/wp-json\/wp\/v2\/pages"}],"about":[{"href":"https:\/\/hoenderdaell.nl\/de\/wp-json\/wp\/v2\/types\/page"}],"author":[{"embeddable":true,"href":"https:\/\/hoenderdaell.nl\/de\/wp-json\/wp\/v2\/users\/1"}],"replies":[{"embeddable":true,"href":"https:\/\/hoenderdaell.nl\/de\/wp-json\/wp\/v2\/comments?post=2108"}],"version-history":[{"count":2,"href":"https:\/\/hoenderdaell.nl\/de\/wp-json\/wp\/v2\/pages\/2108\/revisions"}],"predecessor-version":[{"id":2110,"href":"https:\/\/hoenderdaell.nl\/de\/wp-json\/wp\/v2\/pages\/2108\/revisions\/2110"}],"wp:featuredmedia":[{"embeddable":true,"href":"https:\/\/hoenderdaell.nl\/de\/wp-json\/wp\/v2\/media\/1243"}],"wp:attachment":[{"href":"https:\/\/hoenderdaell.nl\/de\/wp-json\/wp\/v2\/media?parent=2108"}],"curies":[{"name":"wp","href":"https:\/\/api.w.org\/{rel}","templated":true}]}}