{"id":2111,"date":"2022-09-15T13:42:16","date_gmt":"2022-09-15T11:42:16","guid":{"rendered":"https:\/\/hoenderdaell.nl\/activiteiten\/"},"modified":"2023-10-12T09:41:45","modified_gmt":"2023-10-12T07:41:45","slug":"aktivitaeten","status":"publish","type":"page","link":"https:\/\/hoenderdaell.nl\/de\/aktivitaeten\/","title":{"rendered":"Aktivit\u00e4ten"},"content":{"rendered":"<h2>Avitorium (vogelarena)<\/h2>\n<p><strong>In Hoenderdaell haben wir festgestellt, dass eine Show und die traditionelle Unterbringung der V\u00f6gel nicht mit dem Zweck des Parks vereinbar ist.<\/strong><\/p>\n<p>Im Gegensatz zu den alten Greifvogelshows bekommt man hier eine Vorf\u00fchrung zu sehen, bei der die V\u00f6gel viel mehr von ihrem nat\u00fcrlichen Verhalten zeigen. Es werden Erkl\u00e4rungen zu den V\u00f6geln gegeben und es wird gezeigt, wie sie zum Beispiel an Nahrung kommen. Dazu geh\u00f6rt auch die Verwendung einer Zebraattrappe, in der Futter versteckt ist, und das Fangen von Fischen aus dem Wasser.<\/p>\n","protected":false},"excerpt":{"rendered":"<p>Avitorium (vogelarena) In Hoenderdaell haben wir festgestellt, dass eine Show und die traditionelle Unterbringung der V\u00f6gel nicht mit dem Zweck des Parks vereinbar ist. Im Gegensatz zu den alten Greifvogelshows bekommt man hier eine Vorf\u00fchrung zu sehen, bei der die V\u00f6gel viel mehr von ihrem nat\u00fcrlichen Verhalten zeigen. Es werden Erkl\u00e4rungen zu den V\u00f6geln gegeben [&hellip;]<\/p>\n","protected":false},"author":1,"featured_media":0,"parent":0,"menu_order":24,"comment_status":"closed","ping_status":"closed","template":"","meta":{"_acf_changed":false,"footnotes":""},"class_list":["post-2111","page","type-page","status-publish","hentry"],"acf":[],"yoast_head":"<!-- This site is optimized with the Yoast SEO plugin v26.9 - https:\/\/yoast.com\/product\/yoast-seo-wordpress\/ -->\n<title>Aktivit\u00e4ten &#183; Dierenpark Hoenderdaell<\/title>\n<meta name=\"robots\" content=\"index, follow, max-snippet:-1, max-image-preview:large, max-video-preview:-1\" \/>\n<link rel=\"canonical\" href=\"https:\/\/hoenderdaell.nl\/de\/aktivitaeten\/\" \/>\n<meta property=\"og:locale\" content=\"de_DE\" \/>\n<meta property=\"og:type\" content=\"article\" \/>\n<meta property=\"og:title\" content=\"Aktivit\u00e4ten &#183; Dierenpark Hoenderdaell\" \/>\n<meta property=\"og:description\" content=\"Avitorium (vogelarena) In Hoenderdaell haben wir festgestellt, dass eine Show und die traditionelle Unterbringung der V\u00f6gel nicht mit dem Zweck des Parks vereinbar ist. Im Gegensatz zu den alten Greifvogelshows bekommt man hier eine Vorf\u00fchrung zu sehen, bei der die V\u00f6gel viel mehr von ihrem nat\u00fcrlichen Verhalten zeigen. Es werden Erkl\u00e4rungen zu den V\u00f6geln gegeben [&hellip;]\" \/>\n<meta property=\"og:url\" content=\"https:\/\/hoenderdaell.nl\/de\/aktivitaeten\/\" \/>\n<meta property=\"og:site_name\" content=\"Dierenpark Hoenderdaell\" \/>\n<meta property=\"article:publisher\" content=\"https:\/\/www.facebook.com\/landgoedhoenderdaell\/\" \/>\n<meta property=\"article:modified_time\" content=\"2023-10-12T07:41:45+00:00\" \/>\n<meta property=\"og:image\" content=\"https:\/\/hoenderdaell.nl\/wp-content\/uploads\/2022\/11\/hoenderdaell_og.jpg\" \/>\n\t<meta property=\"og:image:width\" content=\"1200\" \/>\n\t<meta property=\"og:image:height\" content=\"630\" \/>\n\t<meta property=\"og:image:type\" content=\"image\/jpeg\" \/>\n<meta name=\"twitter:card\" content=\"summary_large_image\" \/>\n<meta name=\"twitter:label1\" content=\"Gesch\u00e4tzte Lesezeit\" \/>\n\t<meta name=\"twitter:data1\" content=\"1\u00a0Minute\" \/>\n<script type=\"application\/ld+json\" class=\"yoast-schema-graph\">{\"@context\":\"https:\/\/schema.org\",\"@graph\":[{\"@type\":\"WebPage\",\"@id\":\"https:\/\/hoenderdaell.nl\/de\/aktivitaeten\/\",\"url\":\"https:\/\/hoenderdaell.nl\/de\/aktivitaeten\/\",\"name\":\"Aktivit\u00e4ten &#183; Dierenpark Hoenderdaell\",\"isPartOf\":{\"@id\":\"https:\/\/hoenderdaell.nl\/de\/#website\"},\"datePublished\":\"2022-09-15T11:42:16+00:00\",\"dateModified\":\"2023-10-12T07:41:45+00:00\",\"breadcrumb\":{\"@id\":\"https:\/\/hoenderdaell.nl\/de\/aktivitaeten\/#breadcrumb\"},\"inLanguage\":\"de\",\"potentialAction\":[{\"@type\":\"ReadAction\",\"target\":[\"https:\/\/hoenderdaell.nl\/de\/aktivitaeten\/\"]}]},{\"@type\":\"BreadcrumbList\",\"@id\":\"https:\/\/hoenderdaell.nl\/de\/aktivitaeten\/#breadcrumb\",\"itemListElement\":[{\"@type\":\"ListItem\",\"position\":1,\"name\":\"Home\",\"item\":\"https:\/\/hoenderdaell.nl\/de\/\"},{\"@type\":\"ListItem\",\"position\":2,\"name\":\"Aktivit\u00e4ten\"}]},{\"@type\":\"WebSite\",\"@id\":\"https:\/\/hoenderdaell.nl\/de\/#website\",\"url\":\"https:\/\/hoenderdaell.nl\/de\/\",\"name\":\"Dierenpark Hoenderdaell\",\"description\":\"Dierenpark Hoenderdaell ligt op een landgoed dat tussen Anna Paulowna en Van Ewijcksluis in Noord-Holland ligt.\",\"publisher\":{\"@id\":\"https:\/\/hoenderdaell.nl\/de\/#organization\"},\"alternateName\":\"Hoenderdaell\",\"potentialAction\":[{\"@type\":\"SearchAction\",\"target\":{\"@type\":\"EntryPoint\",\"urlTemplate\":\"https:\/\/hoenderdaell.nl\/de\/?s={search_term_string}\"},\"query-input\":{\"@type\":\"PropertyValueSpecification\",\"valueRequired\":true,\"valueName\":\"search_term_string\"}}],\"inLanguage\":\"de\"},{\"@type\":\"Organization\",\"@id\":\"https:\/\/hoenderdaell.nl\/de\/#organization\",\"name\":\"Dierenpark Hoenderdaell\",\"alternateName\":\"Hoenderdaell\",\"url\":\"https:\/\/hoenderdaell.nl\/de\/\",\"logo\":{\"@type\":\"ImageObject\",\"inLanguage\":\"de\",\"@id\":\"https:\/\/hoenderdaell.nl\/de\/#\/schema\/logo\/image\/\",\"url\":\"https:\/\/hoenderdaell.nl\/wp-content\/uploads\/2022\/10\/h_favicon@2x.png\",\"contentUrl\":\"https:\/\/hoenderdaell.nl\/wp-content\/uploads\/2022\/10\/h_favicon@2x.png\",\"width\":600,\"height\":600,\"caption\":\"Dierenpark Hoenderdaell\"},\"image\":{\"@id\":\"https:\/\/hoenderdaell.nl\/de\/#\/schema\/logo\/image\/\"},\"sameAs\":[\"https:\/\/www.facebook.com\/landgoedhoenderdaell\/\",\"https:\/\/www.instagram.com\/landgoedhoenderdaell\/\",\"https:\/\/www.youtube.com\/channel\/UCQQqkbss-vo2RcieVS0lM2A\"]}]}<\/script>\n<!-- \/ Yoast SEO plugin. -->","yoast_head_json":{"title":"Aktivit\u00e4ten &#183; Dierenpark Hoenderdaell","robots":{"index":"index","follow":"follow","max-snippet":"max-snippet:-1","max-image-preview":"max-image-preview:large","max-video-preview":"max-video-preview:-1"},"canonical":"https:\/\/hoenderdaell.nl\/de\/aktivitaeten\/","og_locale":"de_DE","og_type":"article","og_title":"Aktivit\u00e4ten &#183; Dierenpark Hoenderdaell","og_description":"Avitorium (vogelarena) In Hoenderdaell haben wir festgestellt, dass eine Show und die traditionelle Unterbringung der V\u00f6gel nicht mit dem Zweck des Parks vereinbar ist. Im Gegensatz zu den alten Greifvogelshows bekommt man hier eine Vorf\u00fchrung zu sehen, bei der die V\u00f6gel viel mehr von ihrem nat\u00fcrlichen Verhalten zeigen. Es werden Erkl\u00e4rungen zu den V\u00f6geln gegeben [&hellip;]","og_url":"https:\/\/hoenderdaell.nl\/de\/aktivitaeten\/","og_site_name":"Dierenpark Hoenderdaell","article_publisher":"https:\/\/www.facebook.com\/landgoedhoenderdaell\/","article_modified_time":"2023-10-12T07:41:45+00:00","og_image":[{"width":1200,"height":630,"url":"https:\/\/hoenderdaell.nl\/wp-content\/uploads\/2022\/11\/hoenderdaell_og.jpg","type":"image\/jpeg"}],"twitter_card":"summary_large_image","twitter_misc":{"Gesch\u00e4tzte Lesezeit":"1\u00a0Minute"},"schema":{"@context":"https:\/\/schema.org","@graph":[{"@type":"WebPage","@id":"https:\/\/hoenderdaell.nl\/de\/aktivitaeten\/","url":"https:\/\/hoenderdaell.nl\/de\/aktivitaeten\/","name":"Aktivit\u00e4ten &#183; Dierenpark Hoenderdaell","isPartOf":{"@id":"https:\/\/hoenderdaell.nl\/de\/#website"},"datePublished":"2022-09-15T11:42:16+00:00","dateModified":"2023-10-12T07:41:45+00:00","breadcrumb":{"@id":"https:\/\/hoenderdaell.nl\/de\/aktivitaeten\/#breadcrumb"},"inLanguage":"de","potentialAction":[{"@type":"ReadAction","target":["https:\/\/hoenderdaell.nl\/de\/aktivitaeten\/"]}]},{"@type":"BreadcrumbList","@id":"https:\/\/hoenderdaell.nl\/de\/aktivitaeten\/#breadcrumb","itemListElement":[{"@type":"ListItem","position":1,"name":"Home","item":"https:\/\/hoenderdaell.nl\/de\/"},{"@type":"ListItem","position":2,"name":"Aktivit\u00e4ten"}]},{"@type":"WebSite","@id":"https:\/\/hoenderdaell.nl\/de\/#website","url":"https:\/\/hoenderdaell.nl\/de\/","name":"Dierenpark Hoenderdaell","description":"Dierenpark Hoenderdaell ligt op een landgoed dat tussen Anna Paulowna en Van Ewijcksluis in Noord-Holland ligt.","publisher":{"@id":"https:\/\/hoenderdaell.nl\/de\/#organization"},"alternateName":"Hoenderdaell","potentialAction":[{"@type":"SearchAction","target":{"@type":"EntryPoint","urlTemplate":"https:\/\/hoenderdaell.nl\/de\/?s={search_term_string}"},"query-input":{"@type":"PropertyValueSpecification","valueRequired":true,"valueName":"search_term_string"}}],"inLanguage":"de"},{"@type":"Organization","@id":"https:\/\/hoenderdaell.nl\/de\/#organization","name":"Dierenpark Hoenderdaell","alternateName":"Hoenderdaell","url":"https:\/\/hoenderdaell.nl\/de\/","logo":{"@type":"ImageObject","inLanguage":"de","@id":"https:\/\/hoenderdaell.nl\/de\/#\/schema\/logo\/image\/","url":"https:\/\/hoenderdaell.nl\/wp-content\/uploads\/2022\/10\/h_favicon@2x.png","contentUrl":"https:\/\/hoenderdaell.nl\/wp-content\/uploads\/2022\/10\/h_favicon@2x.png","width":600,"height":600,"caption":"Dierenpark Hoenderdaell"},"image":{"@id":"https:\/\/hoenderdaell.nl\/de\/#\/schema\/logo\/image\/"},"sameAs":["https:\/\/www.facebook.com\/landgoedhoenderdaell\/","https:\/\/www.instagram.com\/landgoedhoenderdaell\/","https:\/\/www.youtube.com\/channel\/UCQQqkbss-vo2RcieVS0lM2A"]}]}},"_links":{"self":[{"href":"https:\/\/hoenderdaell.nl\/de\/wp-json\/wp\/v2\/pages\/2111","targetHints":{"allow":["GET"]}}],"collection":[{"href":"https:\/\/hoenderdaell.nl\/de\/wp-json\/wp\/v2\/pages"}],"about":[{"href":"https:\/\/hoenderdaell.nl\/de\/wp-json\/wp\/v2\/types\/page"}],"author":[{"embeddable":true,"href":"https:\/\/hoenderdaell.nl\/de\/wp-json\/wp\/v2\/users\/1"}],"replies":[{"embeddable":true,"href":"https:\/\/hoenderdaell.nl\/de\/wp-json\/wp\/v2\/comments?post=2111"}],"version-history":[{"count":3,"href":"https:\/\/hoenderdaell.nl\/de\/wp-json\/wp\/v2\/pages\/2111\/revisions"}],"predecessor-version":[{"id":2573,"href":"https:\/\/hoenderdaell.nl\/de\/wp-json\/wp\/v2\/pages\/2111\/revisions\/2573"}],"wp:attachment":[{"href":"https:\/\/hoenderdaell.nl\/de\/wp-json\/wp\/v2\/media?parent=2111"}],"curies":[{"name":"wp","href":"https:\/\/api.w.org\/{rel}","templated":true}]}}