{"id":2119,"date":"2022-09-15T13:44:23","date_gmt":"2022-09-15T11:44:23","guid":{"rendered":"https:\/\/hoenderdaell.nl\/ueber-das-landgut\/dierenopvang\/"},"modified":"2023-04-05T16:51:50","modified_gmt":"2023-04-05T14:51:50","slug":"betreuung","status":"publish","type":"page","link":"https:\/\/hoenderdaell.nl\/de\/ueber-das-landgut\/betreuung\/","title":{"rendered":"Betreuung"},"content":{"rendered":"<p><strong>Der Park beherbergt zwei Stiftungen, die sich f\u00fcr Tiere in Not engagieren, aber der Park hat auch Tiere aus besonderen und\/oder schlechten Verh\u00e4ltnissen aufgenommen.<\/strong><\/p>\n<p>So gibt es zum Beispiel eine sehr gro\u00dfe Voliere, in der mehrere Arten von Aras leben. Die meisten Aras wurden von ihren Besitzern abgegeben. Die Braunb\u00e4ren wurden aus einer alten Zuchtstation gerettet, Nasenb\u00e4ren und Waschb\u00e4ren wurden von der Stichting AAP aufgenommen. Die meisten St\u00f6rche kommen aus Polen, wo sie Opfer von Verkehrsunf\u00e4llen geworden sind und nicht mehr fliegen k\u00f6nnen. Und auch einige andere Vogelarten haben ein Zuhause gefunden.<\/p>\n","protected":false},"excerpt":{"rendered":"<p>Der Park beherbergt zwei Stiftungen, die sich f\u00fcr Tiere in Not engagieren, aber der Park hat auch Tiere aus besonderen und\/oder schlechten Verh\u00e4ltnissen aufgenommen. So gibt es zum Beispiel eine sehr gro\u00dfe Voliere, in der mehrere Arten von Aras leben. Die meisten Aras wurden von ihren Besitzern abgegeben. Die Braunb\u00e4ren wurden aus einer alten Zuchtstation [&hellip;]<\/p>\n","protected":false},"author":1,"featured_media":2683,"parent":2093,"menu_order":48,"comment_status":"closed","ping_status":"closed","template":"","meta":{"_acf_changed":false,"footnotes":""},"class_list":["post-2119","page","type-page","status-publish","has-post-thumbnail","hentry"],"acf":[],"yoast_head":"<!-- This site is optimized with the Yoast SEO plugin v26.9 - https:\/\/yoast.com\/product\/yoast-seo-wordpress\/ -->\n<title>Betreuung &#183; Dierenpark Hoenderdaell<\/title>\n<meta name=\"description\" content=\"In het park bevinden zich twee stichtingen die zich inzetten voor dieren in nood, maar ook in het park zijn dieren opgevangen.\" \/>\n<meta name=\"robots\" content=\"index, follow, max-snippet:-1, max-image-preview:large, max-video-preview:-1\" \/>\n<link rel=\"canonical\" href=\"https:\/\/hoenderdaell.nl\/de\/ueber-das-landgut\/betreuung\/\" \/>\n<meta property=\"og:locale\" content=\"de_DE\" \/>\n<meta property=\"og:type\" content=\"article\" \/>\n<meta property=\"og:title\" content=\"Betreuung &#183; Dierenpark Hoenderdaell\" \/>\n<meta property=\"og:description\" content=\"In het park bevinden zich twee stichtingen die zich inzetten voor dieren in nood, maar ook in het park zijn dieren opgevangen.\" \/>\n<meta property=\"og:url\" content=\"https:\/\/hoenderdaell.nl\/de\/ueber-das-landgut\/betreuung\/\" \/>\n<meta property=\"og:site_name\" content=\"Dierenpark Hoenderdaell\" \/>\n<meta property=\"article:publisher\" content=\"https:\/\/www.facebook.com\/landgoedhoenderdaell\/\" \/>\n<meta property=\"article:modified_time\" content=\"2023-04-05T14:51:50+00:00\" \/>\n<meta property=\"og:image\" content=\"https:\/\/hoenderdaell.nl\/wp-content\/uploads\/2022\/10\/Beren.jpg\" \/>\n\t<meta property=\"og:image:width\" content=\"1920\" \/>\n\t<meta property=\"og:image:height\" content=\"1280\" \/>\n\t<meta property=\"og:image:type\" content=\"image\/jpeg\" \/>\n<meta name=\"twitter:card\" content=\"summary_large_image\" \/>\n<meta name=\"twitter:label1\" content=\"Gesch\u00e4tzte Lesezeit\" \/>\n\t<meta name=\"twitter:data1\" content=\"1\u00a0Minute\" \/>\n<script type=\"application\/ld+json\" class=\"yoast-schema-graph\">{\"@context\":\"https:\/\/schema.org\",\"@graph\":[{\"@type\":\"WebPage\",\"@id\":\"https:\/\/hoenderdaell.nl\/de\/ueber-das-landgut\/betreuung\/\",\"url\":\"https:\/\/hoenderdaell.nl\/de\/ueber-das-landgut\/betreuung\/\",\"name\":\"Betreuung &#183; Dierenpark Hoenderdaell\",\"isPartOf\":{\"@id\":\"https:\/\/hoenderdaell.nl\/de\/#website\"},\"primaryImageOfPage\":{\"@id\":\"https:\/\/hoenderdaell.nl\/de\/ueber-das-landgut\/betreuung\/#primaryimage\"},\"image\":{\"@id\":\"https:\/\/hoenderdaell.nl\/de\/ueber-das-landgut\/betreuung\/#primaryimage\"},\"thumbnailUrl\":\"https:\/\/hoenderdaell.nl\/wp-content\/uploads\/2024\/02\/DSC_0397.jpg\",\"datePublished\":\"2022-09-15T11:44:23+00:00\",\"dateModified\":\"2023-04-05T14:51:50+00:00\",\"description\":\"In het park bevinden zich twee stichtingen die zich inzetten voor dieren in nood, maar ook in het park zijn dieren opgevangen.\",\"breadcrumb\":{\"@id\":\"https:\/\/hoenderdaell.nl\/de\/ueber-das-landgut\/betreuung\/#breadcrumb\"},\"inLanguage\":\"de\",\"potentialAction\":[{\"@type\":\"ReadAction\",\"target\":[\"https:\/\/hoenderdaell.nl\/de\/ueber-das-landgut\/betreuung\/\"]}]},{\"@type\":\"ImageObject\",\"inLanguage\":\"de\",\"@id\":\"https:\/\/hoenderdaell.nl\/de\/ueber-das-landgut\/betreuung\/#primaryimage\",\"url\":\"https:\/\/hoenderdaell.nl\/wp-content\/uploads\/2024\/02\/DSC_0397.jpg\",\"contentUrl\":\"https:\/\/hoenderdaell.nl\/wp-content\/uploads\/2024\/02\/DSC_0397.jpg\",\"width\":1920,\"height\":1280},{\"@type\":\"BreadcrumbList\",\"@id\":\"https:\/\/hoenderdaell.nl\/de\/ueber-das-landgut\/betreuung\/#breadcrumb\",\"itemListElement\":[{\"@type\":\"ListItem\",\"position\":1,\"name\":\"Home\",\"item\":\"https:\/\/hoenderdaell.nl\/de\/\"},{\"@type\":\"ListItem\",\"position\":2,\"name\":\"\u00dcber das Landgut\",\"item\":\"https:\/\/hoenderdaell.nl\/de\/ueber-das-landgut\/\"},{\"@type\":\"ListItem\",\"position\":3,\"name\":\"Betreuung\"}]},{\"@type\":\"WebSite\",\"@id\":\"https:\/\/hoenderdaell.nl\/de\/#website\",\"url\":\"https:\/\/hoenderdaell.nl\/de\/\",\"name\":\"Dierenpark Hoenderdaell\",\"description\":\"Dierenpark Hoenderdaell ligt op een landgoed dat tussen Anna Paulowna en Van Ewijcksluis in Noord-Holland ligt.\",\"publisher\":{\"@id\":\"https:\/\/hoenderdaell.nl\/de\/#organization\"},\"alternateName\":\"Hoenderdaell\",\"potentialAction\":[{\"@type\":\"SearchAction\",\"target\":{\"@type\":\"EntryPoint\",\"urlTemplate\":\"https:\/\/hoenderdaell.nl\/de\/?s={search_term_string}\"},\"query-input\":{\"@type\":\"PropertyValueSpecification\",\"valueRequired\":true,\"valueName\":\"search_term_string\"}}],\"inLanguage\":\"de\"},{\"@type\":\"Organization\",\"@id\":\"https:\/\/hoenderdaell.nl\/de\/#organization\",\"name\":\"Dierenpark Hoenderdaell\",\"alternateName\":\"Hoenderdaell\",\"url\":\"https:\/\/hoenderdaell.nl\/de\/\",\"logo\":{\"@type\":\"ImageObject\",\"inLanguage\":\"de\",\"@id\":\"https:\/\/hoenderdaell.nl\/de\/#\/schema\/logo\/image\/\",\"url\":\"https:\/\/hoenderdaell.nl\/wp-content\/uploads\/2022\/10\/h_favicon@2x.png\",\"contentUrl\":\"https:\/\/hoenderdaell.nl\/wp-content\/uploads\/2022\/10\/h_favicon@2x.png\",\"width\":600,\"height\":600,\"caption\":\"Dierenpark Hoenderdaell\"},\"image\":{\"@id\":\"https:\/\/hoenderdaell.nl\/de\/#\/schema\/logo\/image\/\"},\"sameAs\":[\"https:\/\/www.facebook.com\/landgoedhoenderdaell\/\",\"https:\/\/www.instagram.com\/landgoedhoenderdaell\/\",\"https:\/\/www.youtube.com\/channel\/UCQQqkbss-vo2RcieVS0lM2A\"]}]}<\/script>\n<!-- \/ Yoast SEO plugin. -->","yoast_head_json":{"title":"Betreuung &#183; Dierenpark Hoenderdaell","description":"In het park bevinden zich twee stichtingen die zich inzetten voor dieren in nood, maar ook in het park zijn dieren opgevangen.","robots":{"index":"index","follow":"follow","max-snippet":"max-snippet:-1","max-image-preview":"max-image-preview:large","max-video-preview":"max-video-preview:-1"},"canonical":"https:\/\/hoenderdaell.nl\/de\/ueber-das-landgut\/betreuung\/","og_locale":"de_DE","og_type":"article","og_title":"Betreuung &#183; Dierenpark Hoenderdaell","og_description":"In het park bevinden zich twee stichtingen die zich inzetten voor dieren in nood, maar ook in het park zijn dieren opgevangen.","og_url":"https:\/\/hoenderdaell.nl\/de\/ueber-das-landgut\/betreuung\/","og_site_name":"Dierenpark Hoenderdaell","article_publisher":"https:\/\/www.facebook.com\/landgoedhoenderdaell\/","article_modified_time":"2023-04-05T14:51:50+00:00","og_image":[{"width":1920,"height":1280,"url":"https:\/\/hoenderdaell.nl\/wp-content\/uploads\/2022\/10\/Beren.jpg","type":"image\/jpeg"}],"twitter_card":"summary_large_image","twitter_misc":{"Gesch\u00e4tzte Lesezeit":"1\u00a0Minute"},"schema":{"@context":"https:\/\/schema.org","@graph":[{"@type":"WebPage","@id":"https:\/\/hoenderdaell.nl\/de\/ueber-das-landgut\/betreuung\/","url":"https:\/\/hoenderdaell.nl\/de\/ueber-das-landgut\/betreuung\/","name":"Betreuung &#183; Dierenpark Hoenderdaell","isPartOf":{"@id":"https:\/\/hoenderdaell.nl\/de\/#website"},"primaryImageOfPage":{"@id":"https:\/\/hoenderdaell.nl\/de\/ueber-das-landgut\/betreuung\/#primaryimage"},"image":{"@id":"https:\/\/hoenderdaell.nl\/de\/ueber-das-landgut\/betreuung\/#primaryimage"},"thumbnailUrl":"https:\/\/hoenderdaell.nl\/wp-content\/uploads\/2024\/02\/DSC_0397.jpg","datePublished":"2022-09-15T11:44:23+00:00","dateModified":"2023-04-05T14:51:50+00:00","description":"In het park bevinden zich twee stichtingen die zich inzetten voor dieren in nood, maar ook in het park zijn dieren opgevangen.","breadcrumb":{"@id":"https:\/\/hoenderdaell.nl\/de\/ueber-das-landgut\/betreuung\/#breadcrumb"},"inLanguage":"de","potentialAction":[{"@type":"ReadAction","target":["https:\/\/hoenderdaell.nl\/de\/ueber-das-landgut\/betreuung\/"]}]},{"@type":"ImageObject","inLanguage":"de","@id":"https:\/\/hoenderdaell.nl\/de\/ueber-das-landgut\/betreuung\/#primaryimage","url":"https:\/\/hoenderdaell.nl\/wp-content\/uploads\/2024\/02\/DSC_0397.jpg","contentUrl":"https:\/\/hoenderdaell.nl\/wp-content\/uploads\/2024\/02\/DSC_0397.jpg","width":1920,"height":1280},{"@type":"BreadcrumbList","@id":"https:\/\/hoenderdaell.nl\/de\/ueber-das-landgut\/betreuung\/#breadcrumb","itemListElement":[{"@type":"ListItem","position":1,"name":"Home","item":"https:\/\/hoenderdaell.nl\/de\/"},{"@type":"ListItem","position":2,"name":"\u00dcber das Landgut","item":"https:\/\/hoenderdaell.nl\/de\/ueber-das-landgut\/"},{"@type":"ListItem","position":3,"name":"Betreuung"}]},{"@type":"WebSite","@id":"https:\/\/hoenderdaell.nl\/de\/#website","url":"https:\/\/hoenderdaell.nl\/de\/","name":"Dierenpark Hoenderdaell","description":"Dierenpark Hoenderdaell ligt op een landgoed dat tussen Anna Paulowna en Van Ewijcksluis in Noord-Holland ligt.","publisher":{"@id":"https:\/\/hoenderdaell.nl\/de\/#organization"},"alternateName":"Hoenderdaell","potentialAction":[{"@type":"SearchAction","target":{"@type":"EntryPoint","urlTemplate":"https:\/\/hoenderdaell.nl\/de\/?s={search_term_string}"},"query-input":{"@type":"PropertyValueSpecification","valueRequired":true,"valueName":"search_term_string"}}],"inLanguage":"de"},{"@type":"Organization","@id":"https:\/\/hoenderdaell.nl\/de\/#organization","name":"Dierenpark Hoenderdaell","alternateName":"Hoenderdaell","url":"https:\/\/hoenderdaell.nl\/de\/","logo":{"@type":"ImageObject","inLanguage":"de","@id":"https:\/\/hoenderdaell.nl\/de\/#\/schema\/logo\/image\/","url":"https:\/\/hoenderdaell.nl\/wp-content\/uploads\/2022\/10\/h_favicon@2x.png","contentUrl":"https:\/\/hoenderdaell.nl\/wp-content\/uploads\/2022\/10\/h_favicon@2x.png","width":600,"height":600,"caption":"Dierenpark Hoenderdaell"},"image":{"@id":"https:\/\/hoenderdaell.nl\/de\/#\/schema\/logo\/image\/"},"sameAs":["https:\/\/www.facebook.com\/landgoedhoenderdaell\/","https:\/\/www.instagram.com\/landgoedhoenderdaell\/","https:\/\/www.youtube.com\/channel\/UCQQqkbss-vo2RcieVS0lM2A"]}]}},"_links":{"self":[{"href":"https:\/\/hoenderdaell.nl\/de\/wp-json\/wp\/v2\/pages\/2119","targetHints":{"allow":["GET"]}}],"collection":[{"href":"https:\/\/hoenderdaell.nl\/de\/wp-json\/wp\/v2\/pages"}],"about":[{"href":"https:\/\/hoenderdaell.nl\/de\/wp-json\/wp\/v2\/types\/page"}],"author":[{"embeddable":true,"href":"https:\/\/hoenderdaell.nl\/de\/wp-json\/wp\/v2\/users\/1"}],"replies":[{"embeddable":true,"href":"https:\/\/hoenderdaell.nl\/de\/wp-json\/wp\/v2\/comments?post=2119"}],"version-history":[{"count":2,"href":"https:\/\/hoenderdaell.nl\/de\/wp-json\/wp\/v2\/pages\/2119\/revisions"}],"predecessor-version":[{"id":2121,"href":"https:\/\/hoenderdaell.nl\/de\/wp-json\/wp\/v2\/pages\/2119\/revisions\/2121"}],"up":[{"embeddable":true,"href":"https:\/\/hoenderdaell.nl\/de\/wp-json\/wp\/v2\/pages\/2093"}],"wp:featuredmedia":[{"embeddable":true,"href":"https:\/\/hoenderdaell.nl\/de\/wp-json\/wp\/v2\/media\/2683"}],"wp:attachment":[{"href":"https:\/\/hoenderdaell.nl\/de\/wp-json\/wp\/v2\/media?parent=2119"}],"curies":[{"name":"wp","href":"https:\/\/api.w.org\/{rel}","templated":true}]}}